{"id":22,"date":"2024-07-14T20:34:37","date_gmt":"2024-07-14T18:34:37","guid":{"rendered":"http:\/\/localhost:8080\/?page_id=22"},"modified":"2024-10-06T22:32:07","modified_gmt":"2024-10-06T20:32:07","slug":"wer-wir-sind","status":"publish","type":"page","link":"https:\/\/childrens-hope-home.org\/en\/wer-wir-sind\/","title":{"rendered":"Who we are"},"content":{"rendered":"<div style=\"height:9px\" aria-hidden=\"true\" class=\"wp-block-spacer\"><\/div>\n\n\n\n<h2 class=\"wp-block-heading has-body-font-family has-x-large-font-size\">Who we are<\/h2>\n\n\n\n<div style=\"height:9px\" aria-hidden=\"true\" class=\"wp-block-spacer\"><\/div>\n\n\n\n<div class=\"wp-block-columns is-layout-flex wp-container-core-columns-is-layout-28f84493 wp-block-columns-is-layout-flex\">\n<div class=\"wp-block-column is-layout-flow wp-block-column-is-layout-flow\">\n<p>Here you can find out more about our history and the structure of our organisation. You can also watch the documentary \u2018Finding Hope Home\u2019 to find out more about us.<\/p>\n<\/div>\n\n\n\n<div class=\"wp-block-column is-layout-flow wp-block-column-is-layout-flow\">\n<figure class=\"wp-block-embed is-type-video is-provider-youtube wp-block-embed-youtube wp-embed-aspect-16-9 wp-has-aspect-ratio\"><div class=\"wp-block-embed__wrapper\">\n<iframe loading=\"lazy\" title=\"Finding Hope Home (HD) Full Documentary - Kenya Orphanage - Rescuing Unsheltered Youth in Nairobi\" width=\"500\" height=\"281\" src=\"https:\/\/www.youtube.com\/embed\/6W9SJD8F6Mw?start=2&#038;feature=oembed\" frameborder=\"0\" allow=\"accelerometer; autoplay; clipboard-write; encrypted-media; gyroscope; picture-in-picture; web-share\" referrerpolicy=\"strict-origin-when-cross-origin\" allowfullscreen><\/iframe>\n<\/div><\/figure>\n<\/div>\n<\/div>\n\n\n\n<div style=\"height:60px\" aria-hidden=\"true\" class=\"wp-block-spacer\"><\/div>\n\n\n\n<div class=\"wp-block-group has-global-padding is-layout-constrained wp-block-group-is-layout-constrained\">\n<h2 class=\"wp-block-heading has-body-font-family has-large-font-size\">Our story<\/h2>\n\n\n\n<div class=\"wp-block-columns is-layout-flex wp-container-core-columns-is-layout-28f84493 wp-block-columns-is-layout-flex\">\n<div class=\"wp-block-column is-layout-flow wp-block-column-is-layout-flow\" style=\"flex-basis:33.33%\">\n<figure class=\"wp-block-image size-large has-custom-border\"><img loading=\"lazy\" decoding=\"async\" width=\"768\" height=\"1024\" src=\"https:\/\/chh.leftbit.org\/wp-content\/uploads\/2024\/09\/IMG_7798k-768x1024.jpg\" alt=\"\" class=\"wp-image-412\" style=\"border-radius:10px\" srcset=\"https:\/\/childrens-hope-home.org\/wp-content\/uploads\/2024\/09\/IMG_7798k-768x1024.jpg 768w, https:\/\/childrens-hope-home.org\/wp-content\/uploads\/2024\/09\/IMG_7798k-225x300.jpg 225w, https:\/\/childrens-hope-home.org\/wp-content\/uploads\/2024\/09\/IMG_7798k-1152x1536.jpg 1152w, https:\/\/childrens-hope-home.org\/wp-content\/uploads\/2024\/09\/IMG_7798k-1536x2048.jpg 1536w, https:\/\/childrens-hope-home.org\/wp-content\/uploads\/2024\/09\/IMG_7798k-scaled.jpg 1920w\" sizes=\"auto, (max-width: 768px) 100vw, 768px\" \/><\/figure>\n<\/div>\n\n\n\n<div class=\"wp-block-column is-layout-flow wp-block-column-is-layout-flow\" style=\"flex-basis:66.66%\">\n<p class=\"translation-block\">Lucy Njoki Ndegwa, herself a mother of four, also made it her mission to help orphans on the streets of Nairobi. During her visits, she took time for the children and provided them with food. In 1996, six children followed her and spent Christmas at her home in Gathiga. None of them wanted to go back to the streets. Word spread quickly and gradually more and more children joined them. A permanent structure was urgently needed - the Gathiga Children's Hope Home was born. After just a few years, Lucy moved out with her family to leave the property solely for the use of the orphanage.\nIn 2002, volunteers were able to visit the Hope Home in Gathiga for the first time thanks to Mary and Julian's initiative and provide direct support on site.\nIn the summer of 2009, founding members Antje and Andrej independently became aware of the Hope Home in Gathiga through a social network and spent several weeks there in the autumn of the same year.<\/p>\n\n\n\n<p class=\"has-medium-font-size translation-block\">On 14 November 2009, Antje, Andrej, Mary and Julian, supported by friends and family, founded the Children's Hope Home e.V. in Wiesbaden.\nIn late summer 2010, the Ebenezer Home in Kihara was founded with the support of the Children's Hope Home e.V.. The home cared for children affected by the HI virus, but unfortunately had to close in 2017. In August 2017, the Keys Academy was opened in Gilgil, a community centre that combines educational work with children and young people. The Key's Academy had to move in 2021 and is currently being rebuilt on a new site.<\/p>\n<\/div>\n<\/div>\n<\/div>\n\n\n\n<div style=\"height:30px\" aria-hidden=\"true\" class=\"wp-block-spacer\"><\/div>\n\n\n\n<div class=\"wp-block-group alignfull has-background has-global-padding is-layout-constrained wp-block-group-is-layout-constrained\" style=\"background-color:#b5bdbc61\">\n<div style=\"height:30px\" aria-hidden=\"true\" class=\"wp-block-spacer\"><\/div>\n\n\n\n<h2 class=\"wp-block-heading has-body-font-family has-large-font-size\">Board members<\/h2>\n\n\n\n<div class=\"wp-block-columns is-layout-flex wp-container-core-columns-is-layout-28f84493 wp-block-columns-is-layout-flex\">\n<div class=\"wp-block-column is-layout-flow wp-block-column-is-layout-flow\">\n<h2 class=\"wp-block-heading has-body-font-family\" style=\"font-size:clamp(16.293px, 1.018rem + ((1vw - 3.2px) * 0.907), 25px);\">In Germany<\/h2>\n\n\n\n<p>The board members of Children's Hope Home e.V. are:<\/p>\n\n\n\n<div style=\"height:7px\" aria-hidden=\"true\" class=\"wp-block-spacer\"><\/div>\n\n\n\n<ul class=\"wp-block-list\">\n<li>Julian Wahl<\/li>\n\n\n\n<li>Mary Baumann<\/li>\n\n\n\n<li>Nele Winter<\/li>\n<\/ul>\n<\/div>\n\n\n\n<div class=\"wp-block-column is-layout-flow wp-block-column-is-layout-flow\">\n<h2 class=\"wp-block-heading has-body-font-family\" style=\"font-size:clamp(16.293px, 1.018rem + ((1vw - 3.2px) * 0.907), 25px);\">In Kenya<\/h2>\n\n\n\n<p>The board members of the Tuwape Tumaini Children's Foundation (charitable trust) are:<\/p>\n\n\n\n<ul class=\"wp-block-list\">\n<li>Lucy Njoki Muiruri (Trustee &amp; Vorsitzende)<\/li>\n\n\n\n<li>Duncan Ndegwa Karanja (Trustee &amp; 2. Vorsitzender)<\/li>\n\n\n\n<li>Agnes Wangari Mbogo (Trustee)<\/li>\n\n\n\n<li>Michael Mwaura Kiruti (Trustee)<\/li>\n<\/ul>\n<\/div>\n<\/div>\n\n\n\n<div style=\"height:30px\" aria-hidden=\"true\" class=\"wp-block-spacer\"><\/div>\n<\/div>\n\n\n\n<div class=\"wp-block-group has-global-padding is-layout-constrained wp-block-group-is-layout-constrained\">\n<div style=\"height:30px\" aria-hidden=\"true\" class=\"wp-block-spacer\"><\/div>\n\n\n\n<h2 class=\"wp-block-heading has-body-font-family has-large-font-size\">Our organisation<\/h2>\n\n\n\n<div class=\"wp-block-columns is-layout-flex wp-container-core-columns-is-layout-28f84493 wp-block-columns-is-layout-flex\">\n<div class=\"wp-block-column is-layout-flow wp-block-column-is-layout-flow\">\n<h2 class=\"wp-block-heading has-body-font-family\" style=\"font-size:clamp(16.293px, 1.018rem + ((1vw - 3.2px) * 0.907), 25px);\">In Germany<\/h2>\n\n\n\n<p class=\"translation-block\">The association is based in Wiesbaden, where we are registered in the register of associations. Different members of the association are responsible for public relations, the administration of donations and the volunteers.\nWe all know the projects from our own experience and have a personal connection to Lucy and the children and young people. We carry out our charitable work at Children's Hope Home e.V. on a voluntary basis. The donations are collected in a German account and can be easily and safely disposed of in Kenya<\/p>\n\n\n\n<p><a href=\"\/en\/kontakt\/#Deutschland\" data-type=\"page\" data-id=\"757\">Here<\/a> you can find the addresses of contact persons in Germany.<\/p>\n<\/div>\n\n\n\n<div class=\"wp-block-column is-layout-flow wp-block-column-is-layout-flow\">\n<h2 class=\"wp-block-heading has-body-font-family\" style=\"font-size:clamp(16.293px, 1.018rem + ((1vw - 3.2px) * 0.907), 25px);\">In Kenya<\/h2>\n\n\n\n<p>In Gathiga and Gilgil, Lucy and her staff at the Tuwape Tumaini Children's Foundation take care of the programmes and ensure that the donations from Germany are used responsibly and fairly. We regularly discuss the use of the funds. Lucy also welcomes and accommodates our volunteers on site.<\/p>\n\n\n\n<p><a href=\"\/en\/kontakt\/#Kenia\">Here<\/a> you can find the address of the Hope Home in Kenya.<\/p>\n\n\n\n<p><\/p>\n<\/div>\n<\/div>\n<\/div>\n\n\n\n<p><\/p>","protected":false},"excerpt":{"rendered":"<p>Wer wir sind Hier erf\u00e4hrst du etwas \u00fcber unsere Geschichte und den Aufbau unserer Organisation. Schau dir auch gerne die Dokumentation &#8222;Finding Hope Home&#8220; an, um mehr \u00fcber uns herauszufinden. Geschichte Lucy Njoki Ndegwa, selbst vierfache Mutter, machte es sich zus\u00e4tzlich zur Aufgabe, Waisenkindern in den Stra\u00dfen Nairobis zu helfen. Bei ihren Besuchen nahm sie [&hellip;]<\/p>\n","protected":false},"author":1,"featured_media":0,"parent":0,"menu_order":0,"comment_status":"closed","ping_status":"closed","template":"page-no-title","meta":{"pgc_sgb_lightbox_settings":"","footnotes":""},"class_list":["post-22","page","type-page","status-publish","hentry"],"_links":{"self":[{"href":"https:\/\/childrens-hope-home.org\/en\/wp-json\/wp\/v2\/pages\/22","targetHints":{"allow":["GET"]}}],"collection":[{"href":"https:\/\/childrens-hope-home.org\/en\/wp-json\/wp\/v2\/pages"}],"about":[{"href":"https:\/\/childrens-hope-home.org\/en\/wp-json\/wp\/v2\/types\/page"}],"author":[{"embeddable":true,"href":"https:\/\/childrens-hope-home.org\/en\/wp-json\/wp\/v2\/users\/1"}],"replies":[{"embeddable":true,"href":"https:\/\/childrens-hope-home.org\/en\/wp-json\/wp\/v2\/comments?post=22"}],"version-history":[{"count":68,"href":"https:\/\/childrens-hope-home.org\/en\/wp-json\/wp\/v2\/pages\/22\/revisions"}],"predecessor-version":[{"id":1194,"href":"https:\/\/childrens-hope-home.org\/en\/wp-json\/wp\/v2\/pages\/22\/revisions\/1194"}],"wp:attachment":[{"href":"https:\/\/childrens-hope-home.org\/en\/wp-json\/wp\/v2\/media?parent=22"}],"curies":[{"name":"wp","href":"https:\/\/api.w.org\/{rel}","templated":true}]}}