{"id":233,"date":"2024-09-01T15:55:35","date_gmt":"2024-09-01T13:55:35","guid":{"rendered":"https:\/\/chh.leftbit.org\/?page_id=233"},"modified":"2024-10-08T14:50:39","modified_gmt":"2024-10-08T12:50:39","slug":"motivation-und-ziele","status":"publish","type":"page","link":"https:\/\/childrens-hope-home.org\/en\/motivation-und-ziele\/","title":{"rendered":"Motivation and goals"},"content":{"rendered":"<div style=\"height:9px\" aria-hidden=\"true\" class=\"wp-block-spacer\"><\/div>\n\n\n\n<h2 class=\"wp-block-heading has-body-font-family has-x-large-font-size\">Motivation and goals<\/h2>\n\n\n\n<div style=\"height:9px\" aria-hidden=\"true\" class=\"wp-block-spacer\"><\/div>\n\n\n\n<div class=\"wp-block-group alignwide has-base-background-color has-background has-global-padding is-content-justification-center is-layout-constrained wp-container-core-group-is-layout-194e7fd3 wp-block-group-is-layout-constrained\" style=\"margin-top:0;margin-bottom:0;padding-top:var(--wp--preset--spacing--10);padding-right:var(--wp--preset--spacing--10);padding-bottom:var(--wp--preset--spacing--10);padding-left:var(--wp--preset--spacing--10)\">\n<h2 class=\"wp-block-heading has-body-font-family has-large-font-size\">Our motivation<\/h2>\n\n\n\n<p>Children's Hope Home e.V. primarily supports the work of the Tuwape Tumaini Children's Foundation in its two facilities in Gathiga and Gilgil. The aim of the organisation's work is to cover the costs of food, health, education and accommodation for the children and young people on a permanent basis through regular donations. In addition, individual projects such as the expansion of the rooms, the construction of a greenhouse, etc. are to be realised.<\/p>\n\n\n\n<p>New international partnerships are regularly formed as part of our development volunteer service, with which we pursue the idea of global learning in the sense of sustainability and global responsibility.<\/p>\n\n\n\n<p>You may be asking yourself: What is so special about Children's Hope Home e.V.? <\/p>\n\n\n\n<p>On the one hand, all members of the organisation have a personal connection to the programmes in Kenya. Friendships have developed through numerous visits. We share joys and sorrows and regularly exchange information about developments. With the help of our newsletter, you will also be regularly informed about events at Hope Home. <\/p>\n\n\n\n<p>What else? Despite telling stories about Children\u2019s Hope Home needs and asking for donations, we encourage sponsors and donors to make at least one volunteer trip to see the work they are supporting at first hand. Children\u2019s Hope Home is open for everyone and we love visitors.<\/p>\n<\/div>\n\n\n\n<div style=\"height:30px\" aria-hidden=\"true\" class=\"wp-block-spacer\"><\/div>\n\n\n\n<div class=\"wp-block-group alignfull has-background has-global-padding is-layout-constrained wp-block-group-is-layout-constrained\" style=\"background-color:#b5bdbc61\">\n<div style=\"height:30px\" aria-hidden=\"true\" class=\"wp-block-spacer\"><\/div>\n\n\n\n<h2 class=\"wp-block-heading has-system-sans-serif-font-family has-large-font-size\">Our goals<\/h2>\n\n\n\n<p>When you talk to the young people at the Hope Home and ask them what they want, it's things that we take for granted, such as no longer being hungry or being able to go to school.<br>Health, nutrition and education are therefore our most important goals.<\/p>\n\n\n\n<div style=\"height:30px\" aria-hidden=\"true\" class=\"wp-block-spacer\"><\/div>\n\n\n\n<p style=\"font-size:clamp(14px, 0.875rem + ((1vw - 3.2px) * 0.625), 20px);text-decoration:underline\">Health<\/p>\n\n\n\n<div class=\"wp-block-columns is-layout-flex wp-container-core-columns-is-layout-28f84493 wp-block-columns-is-layout-flex\">\n<div class=\"wp-block-column is-layout-flow wp-block-column-is-layout-flow\" style=\"flex-basis:33.33%\">\n<figure class=\"wp-block-image size-large has-custom-border\"><img loading=\"lazy\" decoding=\"async\" width=\"1024\" height=\"791\" src=\"https:\/\/chh.leftbit.org\/wp-content\/uploads\/2024\/10\/IMG_2232-1024x791.jpg\" alt=\"\" class=\"wp-image-1167\" style=\"border-radius:10px\" srcset=\"https:\/\/childrens-hope-home.org\/wp-content\/uploads\/2024\/10\/IMG_2232-1024x791.jpg 1024w, https:\/\/childrens-hope-home.org\/wp-content\/uploads\/2024\/10\/IMG_2232-300x232.jpg 300w, https:\/\/childrens-hope-home.org\/wp-content\/uploads\/2024\/10\/IMG_2232-768x594.jpg 768w, https:\/\/childrens-hope-home.org\/wp-content\/uploads\/2024\/10\/IMG_2232-1536x1187.jpg 1536w, https:\/\/childrens-hope-home.org\/wp-content\/uploads\/2024\/10\/IMG_2232-2048x1583.jpg 2048w, https:\/\/childrens-hope-home.org\/wp-content\/uploads\/2024\/10\/IMG_2232-16x12.jpg 16w\" sizes=\"auto, (max-width: 1024px) 100vw, 1024px\" \/><\/figure>\n<\/div>\n\n\n\n<div class=\"wp-block-column is-layout-flow wp-block-column-is-layout-flow\" style=\"flex-basis:66.66%\">\n<p>Many people in Kenya cannot afford health insurance and medical check-ups, and statutory health insurance often only covers part of the treatment costs. This means that we have to pay dearly for the children's medication and visits to the doctor every time.<\/p>\n\n\n\n<p id=\"textbold\"><strong>We use your donations to pay for medication and regular medical check-ups.<\/strong><\/p>\n<\/div>\n<\/div>\n\n\n\n<div style=\"height:30px\" aria-hidden=\"true\" class=\"wp-block-spacer\"><\/div>\n\n\n\n<hr class=\"wp-block-separator has-alpha-channel-opacity is-style-wide\"\/>\n\n\n\n<div style=\"height:30px\" aria-hidden=\"true\" class=\"wp-block-spacer\"><\/div>\n\n\n\n<h2 class=\"wp-block-heading has-system-sans-serif-font-family\" style=\"font-size:clamp(14px, 0.875rem + ((1vw - 3.2px) * 0.625), 20px);text-decoration:underline\">Nutrition<\/h2>\n\n\n\n<div class=\"wp-block-columns is-layout-flex wp-container-core-columns-is-layout-28f84493 wp-block-columns-is-layout-flex\">\n<div class=\"wp-block-column is-layout-flow wp-block-column-is-layout-flow\" style=\"flex-basis:33.33%\">\n<figure class=\"wp-block-image size-large has-custom-border\"><img loading=\"lazy\" decoding=\"async\" width=\"1024\" height=\"683\" src=\"https:\/\/chh.leftbit.org\/wp-content\/uploads\/2024\/09\/Snapshot_540k-1024x683.jpg\" alt=\"\" class=\"wp-image-397\" style=\"border-radius:10px\" srcset=\"https:\/\/childrens-hope-home.org\/wp-content\/uploads\/2024\/09\/Snapshot_540k-1024x683.jpg 1024w, https:\/\/childrens-hope-home.org\/wp-content\/uploads\/2024\/09\/Snapshot_540k-300x200.jpg 300w, https:\/\/childrens-hope-home.org\/wp-content\/uploads\/2024\/09\/Snapshot_540k-768x512.jpg 768w, https:\/\/childrens-hope-home.org\/wp-content\/uploads\/2024\/09\/Snapshot_540k-1536x1025.jpg 1536w, https:\/\/childrens-hope-home.org\/wp-content\/uploads\/2024\/09\/Snapshot_540k-2048x1367.jpg 2048w\" sizes=\"auto, (max-width: 1024px) 100vw, 1024px\" \/><\/figure>\n<\/div>\n\n\n\n<div class=\"wp-block-column is-layout-flow wp-block-column-is-layout-flow\" style=\"flex-basis:66.66%\">\n<p>The children and young people's diet often consists of simple dishes such as cereal porridge in the morning and beans, maize or rice in the afternoon. Ugali, a popular cereal cake made from maize flour, is a frequent meal at Hope Home. These meals are filling and easy to prepare, but we need your support to ensure a balanced and vitamin-rich diet.<\/p>\n\n\n\n<p><strong>With the help of your donations, we can buy a variety of ingredients for a sufficient and fortifying meal every day.<\/strong><\/p>\n<\/div>\n<\/div>\n\n\n\n<div style=\"height:30px\" aria-hidden=\"true\" class=\"wp-block-spacer\"><\/div>\n\n\n\n<hr class=\"wp-block-separator has-alpha-channel-opacity is-style-wide\"\/>\n\n\n\n<div style=\"height:30px\" aria-hidden=\"true\" class=\"wp-block-spacer\"><\/div>\n\n\n\n<h2 class=\"wp-block-heading has-system-sans-serif-font-family\" style=\"font-size:clamp(14px, 0.875rem + ((1vw - 3.2px) * 0.625), 20px);text-decoration:underline\">Education<\/h2>\n\n\n\n<div class=\"wp-block-columns is-layout-flex wp-container-core-columns-is-layout-28f84493 wp-block-columns-is-layout-flex\">\n<div class=\"wp-block-column is-layout-flow wp-block-column-is-layout-flow\" style=\"flex-basis:33.33%\">\n<figure class=\"wp-block-image size-large has-custom-border\"><img loading=\"lazy\" decoding=\"async\" width=\"1024\" height=\"575\" src=\"https:\/\/chh.leftbit.org\/wp-content\/uploads\/2024\/08\/IMG_1646k-1024x575.jpg\" alt=\"\" class=\"wp-image-169\" style=\"border-radius:10px\" srcset=\"https:\/\/childrens-hope-home.org\/wp-content\/uploads\/2024\/08\/IMG_1646k-1024x575.jpg 1024w, https:\/\/childrens-hope-home.org\/wp-content\/uploads\/2024\/08\/IMG_1646k-300x169.jpg 300w, https:\/\/childrens-hope-home.org\/wp-content\/uploads\/2024\/08\/IMG_1646k-768x432.jpg 768w, https:\/\/childrens-hope-home.org\/wp-content\/uploads\/2024\/08\/IMG_1646k-1536x863.jpg 1536w, https:\/\/childrens-hope-home.org\/wp-content\/uploads\/2024\/08\/IMG_1646k-2048x1151.jpg 2048w\" sizes=\"auto, (max-width: 1024px) 100vw, 1024px\" \/><\/figure>\n<\/div>\n\n\n\n<div class=\"wp-block-column is-layout-flow wp-block-column-is-layout-flow\" style=\"flex-basis:66.66%\">\n<p>Education in Kenya is a prerequisite for an independent future. Without sufficient education, the chances of earning an adequate income dwindle. And without money, basic human needs such as food and health cannot be met. In Kenya, education is relatively expensive: school fees, school uniforms and teaching materials such as exercise books, pens and books cost a lot of money. In some cases, school purchases also have to be financed by the children's guardians. The children and young people at Hope Home are extremely eager to learn, committed and interested. They all dream of taking independent steps towards a better future after successfully completing school. Unfortunately, for financial reasons, it is not always possible for all children to attend school.<\/p>\n\n\n\n<p><strong>With the help of your donations, education is possible for the kids at the Hope Home.<\/strong><\/p>\n<\/div>\n<\/div>\n\n\n\n<div style=\"height:30px\" aria-hidden=\"true\" class=\"wp-block-spacer\"><\/div>\n<\/div>\n\n\n\n<div class=\"wp-block-group alignfull has-contrast-color has-base-background-color has-text-color has-background has-link-color wp-elements-7f0aa8613ed1bd90db7f7cf8368cbe43 has-global-padding is-layout-constrained wp-container-core-group-is-layout-32a46761 wp-block-group-is-layout-constrained\" style=\"margin-top:0;margin-bottom:0;padding-top:var(--wp--preset--spacing--40);padding-right:var(--wp--preset--spacing--50);padding-bottom:var(--wp--preset--spacing--40);padding-left:var(--wp--preset--spacing--50);background-position:38% 44%;\">\n<div class=\"wp-block-group alignwide has-base-2-background-color has-background has-global-padding is-layout-constrained wp-container-core-group-is-layout-39412042 wp-block-group-is-layout-constrained\" style=\"border-radius:16px;padding-top:var(--wp--preset--spacing--40);padding-right:var(--wp--preset--spacing--50);padding-bottom:var(--wp--preset--spacing--40);padding-left:var(--wp--preset--spacing--50)\">\n<div class=\"wp-block-columns is-layout-flex wp-container-core-columns-is-layout-28f84493 wp-block-columns-is-layout-flex\">\n<div class=\"wp-block-column is-layout-flow wp-block-column-is-layout-flow\">\n<div style=\"height:var(--wp--preset--spacing--10)\" aria-hidden=\"true\" class=\"wp-block-spacer\"><\/div>\n\n\n\n<h2 class=\"wp-block-heading has-text-align-center has-system-sans-serif-font-family has-large-font-size\">Would you like to support us?<\/h2>\n\n\n\n<div class=\"wp-block-buttons is-content-justification-center is-layout-flex wp-container-core-buttons-is-layout-a89b3969 wp-block-buttons-is-layout-flex\">\n<div class=\"wp-block-button has-custom-width wp-block-button__width-75\"><a class=\"wp-block-button__link wp-element-button\" href=\"\/en\/hoffnungstraeger\/\">Become a sponsor<\/a><\/div>\n<\/div>\n\n\n\n<div style=\"height:var(--wp--preset--spacing--10)\" aria-hidden=\"true\" class=\"wp-block-spacer\"><\/div>\n<\/div>\n\n\n\n<div class=\"wp-block-column is-layout-flow wp-block-column-is-layout-flow\">\n<div style=\"height:var(--wp--preset--spacing--10)\" aria-hidden=\"true\" class=\"wp-block-spacer\"><\/div>\n\n\n\n<h2 class=\"wp-block-heading has-text-align-center has-system-sans-serif-font-family has-large-font-size\">Would you like to work with us?<\/h2>\n\n\n\n<div class=\"wp-block-buttons is-content-justification-center is-layout-flex wp-container-core-buttons-is-layout-a89b3969 wp-block-buttons-is-layout-flex\">\n<div class=\"wp-block-button has-custom-width wp-block-button__width-75\"><a class=\"wp-block-button__link wp-element-button\" href=\"\/en\/werde-freiwilliger\/\">Werde Freiwillige:r<\/a><\/div>\n<\/div>\n\n\n\n<div style=\"height:var(--wp--preset--spacing--10)\" aria-hidden=\"true\" class=\"wp-block-spacer\"><\/div>\n<\/div>\n<\/div>\n<\/div>\n<\/div>","protected":false},"excerpt":{"rendered":"<p>Motivation und Ziele Unsere Motivation Children\u2019s Hope Home e.V. unterst\u00fctzt in erster Linie die Arbeit der Tuwape Tumaini Children&#8217;s Foundation in ihren beiden Einrichtungen in Gathiga und Gilgil. Ziele der Vereinsarbeit sind es, durch regelm\u00e4\u00dfige Spenden die Kosten f\u00fcr Lebensmittel, Gesundheit, Bildung und Unterkunft f\u00fcr die Kinder und Jugendlichen dauerhaft abzudecken. Zudem sollen Einzelprojekte, wie [&hellip;]<\/p>\n","protected":false},"author":1,"featured_media":0,"parent":0,"menu_order":0,"comment_status":"closed","ping_status":"closed","template":"page-no-title","meta":{"pgc_sgb_lightbox_settings":"","footnotes":""},"class_list":["post-233","page","type-page","status-publish","hentry"],"_links":{"self":[{"href":"https:\/\/childrens-hope-home.org\/en\/wp-json\/wp\/v2\/pages\/233","targetHints":{"allow":["GET"]}}],"collection":[{"href":"https:\/\/childrens-hope-home.org\/en\/wp-json\/wp\/v2\/pages"}],"about":[{"href":"https:\/\/childrens-hope-home.org\/en\/wp-json\/wp\/v2\/types\/page"}],"author":[{"embeddable":true,"href":"https:\/\/childrens-hope-home.org\/en\/wp-json\/wp\/v2\/users\/1"}],"replies":[{"embeddable":true,"href":"https:\/\/childrens-hope-home.org\/en\/wp-json\/wp\/v2\/comments?post=233"}],"version-history":[{"count":35,"href":"https:\/\/childrens-hope-home.org\/en\/wp-json\/wp\/v2\/pages\/233\/revisions"}],"predecessor-version":[{"id":1224,"href":"https:\/\/childrens-hope-home.org\/en\/wp-json\/wp\/v2\/pages\/233\/revisions\/1224"}],"wp:attachment":[{"href":"https:\/\/childrens-hope-home.org\/en\/wp-json\/wp\/v2\/media?parent=233"}],"curies":[{"name":"wp","href":"https:\/\/api.w.org\/{rel}","templated":true}]}}