{"id":24,"date":"2024-07-14T20:34:54","date_gmt":"2024-07-14T18:34:54","guid":{"rendered":"http:\/\/localhost:8080\/?page_id=24"},"modified":"2024-12-11T08:42:08","modified_gmt":"2024-12-11T07:42:08","slug":"moeglichkeiten","status":"publish","type":"page","link":"https:\/\/childrens-hope-home.org\/en\/moeglichkeiten\/","title":{"rendered":"Support us"},"content":{"rendered":"<div style=\"height:9px\" aria-hidden=\"true\" class=\"wp-block-spacer\"><\/div>\n\n\n\n<h2 class=\"wp-block-heading has-body-font-family has-x-large-font-size\">Ways to support us<\/h2>\n\n\n\n<div style=\"height:9px\" aria-hidden=\"true\" class=\"wp-block-spacer\"><\/div>\n\n\n\n<p>We hope that we can strengthen our own commitment with more hopeful voices. We want to transfer our enthusiasm to you and others and include your voices in our choir. The more voices in the choir, the louder it can be. Every single voice carries hope and the kids in the Hope Home can hear it - even a one-off donation can help.<\/p>\n\n\n\n<p>There are various ways in which you can support us:<\/p>\n\n\n\n<ul class=\"wp-block-list\">\n<li><a href=\"\/en\/spenden\/\" data-type=\"page\" data-id=\"267\" target=\"_blank\" rel=\"noreferrer noopener\">Donate<\/a> or make a gift donation to ensure the financing of school fees and the day-to-day care of the children<\/li>\n\n\n\n<li>Become a volunteer with us with <a href=\"\/en\/werde-freiwilliger\/\" data-type=\"page\" data-id=\"26\" target=\"_blank\" rel=\"noreferrer noopener\">weltw\u00e4rts<\/a> or <a href=\"\/en\/volunteers-voice\/\" data-type=\"page\" data-id=\"265\" target=\"_blank\" rel=\"noreferrer noopener\">Volunteers Voice<\/a><\/li>\n\n\n\n<li>Create your own <a href=\"https:\/\/childrens-hope-home.org\/en\/spendenaktionen\/\" data-type=\"page\" data-id=\"1338\" target=\"_blank\" rel=\"noreferrer noopener\">Fundraising campaign <\/a>and collect donations in your community<\/li>\n\n\n\n<li>Become <a href=\"\/en\/hoffnungstraeger\/\" data-type=\"page\" data-id=\"823\" target=\"_blank\" rel=\"noreferrer noopener\">Hope-Home-Partner<\/a> and support the children regularly<\/li>\n\n\n\n<li>Support our projects on <a href=\"https:\/\/www.betterplace.org\/de\/organisations\/3195-children-s-hope-home-e-v\" target=\"_blank\" rel=\"noreferrer noopener\">betterplace<\/a><\/li>\n<\/ul>\n\n\n\n<figure class=\"wp-block-image size-large has-custom-border\"><img loading=\"lazy\" decoding=\"async\" width=\"1024\" height=\"461\" src=\"https:\/\/chh.leftbit.org\/wp-content\/uploads\/2024\/09\/YFWO4335-1024x461.jpg\" alt=\"\" class=\"wp-image-528\" style=\"border-radius:10px\" srcset=\"https:\/\/childrens-hope-home.org\/wp-content\/uploads\/2024\/09\/YFWO4335-1024x461.jpg 1024w, https:\/\/childrens-hope-home.org\/wp-content\/uploads\/2024\/09\/YFWO4335-300x135.jpg 300w, https:\/\/childrens-hope-home.org\/wp-content\/uploads\/2024\/09\/YFWO4335-768x346.jpg 768w, https:\/\/childrens-hope-home.org\/wp-content\/uploads\/2024\/09\/YFWO4335-1536x691.jpg 1536w, https:\/\/childrens-hope-home.org\/wp-content\/uploads\/2024\/09\/YFWO4335-2048x922.jpg 2048w\" sizes=\"auto, (max-width: 1024px) 100vw, 1024px\" \/><\/figure>","protected":false},"excerpt":{"rendered":"<p>M\u00f6glichkeiten Wir hoffen, wir k\u00f6nnen eigenes Engagement durch weitere hoffnungsvolle Stimmen zu verst\u00e4rken. Wir wollen unsere Begeisterung auf Dich und andere \u00fcbertragen und Eure Stimmen in unseren Chor aufnehmen. Je mehr Stimmen im Chor, desto lauter kann er wirken. Jede einzelne Stimme tr\u00e4gt Hoffnung und die k\u00f6nnen die Kids im Hope Home h\u00f6ren \u2013 schon [&hellip;]<\/p>\n","protected":false},"author":1,"featured_media":221,"parent":0,"menu_order":0,"comment_status":"closed","ping_status":"closed","template":"page-no-title","meta":{"pgc_sgb_lightbox_settings":"","footnotes":""},"class_list":["post-24","page","type-page","status-publish","has-post-thumbnail","hentry"],"_links":{"self":[{"href":"https:\/\/childrens-hope-home.org\/en\/wp-json\/wp\/v2\/pages\/24","targetHints":{"allow":["GET"]}}],"collection":[{"href":"https:\/\/childrens-hope-home.org\/en\/wp-json\/wp\/v2\/pages"}],"about":[{"href":"https:\/\/childrens-hope-home.org\/en\/wp-json\/wp\/v2\/types\/page"}],"author":[{"embeddable":true,"href":"https:\/\/childrens-hope-home.org\/en\/wp-json\/wp\/v2\/users\/1"}],"replies":[{"embeddable":true,"href":"https:\/\/childrens-hope-home.org\/en\/wp-json\/wp\/v2\/comments?post=24"}],"version-history":[{"count":34,"href":"https:\/\/childrens-hope-home.org\/en\/wp-json\/wp\/v2\/pages\/24\/revisions"}],"predecessor-version":[{"id":1370,"href":"https:\/\/childrens-hope-home.org\/en\/wp-json\/wp\/v2\/pages\/24\/revisions\/1370"}],"wp:featuredmedia":[{"embeddable":true,"href":"https:\/\/childrens-hope-home.org\/en\/wp-json\/wp\/v2\/media\/221"}],"wp:attachment":[{"href":"https:\/\/childrens-hope-home.org\/en\/wp-json\/wp\/v2\/media?parent=24"}],"curies":[{"name":"wp","href":"https:\/\/api.w.org\/{rel}","templated":true}]}}