{"id":263,"date":"2024-09-01T16:37:37","date_gmt":"2024-09-01T14:37:37","guid":{"rendered":"https:\/\/chh.leftbit.org\/?page_id=263"},"modified":"2024-10-08T11:28:14","modified_gmt":"2024-10-08T09:28:14","slug":"bewerbungsformular","status":"publish","type":"page","link":"https:\/\/childrens-hope-home.org\/en\/bewerbungsformular\/","title":{"rendered":"Application form"},"content":{"rendered":"\n<div style=\"height:9px\" aria-hidden=\"true\" class=\"wp-block-spacer\"><\/div>\n\n\n\n<h2 class=\"wp-block-heading has-body-font-family has-x-large-font-size\">Bewerbungsformular<\/h2>\n\n\n\n<div style=\"height:9px\" aria-hidden=\"true\" class=\"wp-block-spacer\"><\/div>\n\n\n\n<p>Du m\u00f6chtest unsere Kids im Hope Home besuchen und als Freiwillige\/r vor Ort Hoffnung geben? Dann f\u00fclle die folgenden Felder bitte vollst\u00e4ndig aus und teile uns unter dem Punkt \u201eDeine Motivation\u201c kurz und knapp mit f\u00fcr welches Projekt Du Dich aus welchen Gr\u00fcnden bewerben m\u00f6chtest. Wir melden uns dann umgehend bei Dir zur\u00fcck. Asante sana!<\/p>\n\n\n\n<div style=\"height:45px\" aria-hidden=\"true\" class=\"wp-block-spacer\"><\/div>\n\n\n\n<div class=\"wp-block-group alignfull has-background has-global-padding is-layout-constrained wp-block-group-is-layout-constrained\" style=\"background-color:#b5bdbc61;margin-top:0\">\n<div class=\"wp-block-columns is-layout-flex wp-container-core-columns-is-layout-28f84493 wp-block-columns-is-layout-flex\">\n<div class=\"wp-block-column is-layout-flow wp-block-column-is-layout-flow\">\n<div style=\"height:15px\" aria-hidden=\"true\" class=\"wp-block-spacer\"><\/div>\n\n\n\n<div class=\"wp-block-contact-form-7-contact-form-selector\">\n<div class=\"wpcf7 no-js\" id=\"wpcf7-f617-o1\" lang=\"de-DE\" dir=\"ltr\" data-wpcf7-id=\"617\">\n<div class=\"screen-reader-response\"><p role=\"status\" aria-live=\"polite\" aria-atomic=\"true\"><\/p> <ul><\/ul><\/div>\n<form action=\"\/en\/wp-json\/wp\/v2\/pages\/263#wpcf7-f617-o1\" method=\"post\" class=\"wpcf7-form init\" aria-label=\"Kontaktformular\" novalidate=\"novalidate\" data-status=\"init\">\n<fieldset class=\"hidden-fields-container\"><input type=\"hidden\" name=\"_wpcf7\" value=\"617\" \/><input type=\"hidden\" name=\"_wpcf7_version\" value=\"6.1.5\" \/><input type=\"hidden\" name=\"_wpcf7_locale\" value=\"de_DE\" \/><input type=\"hidden\" name=\"_wpcf7_unit_tag\" value=\"wpcf7-f617-o1\" \/><input type=\"hidden\" name=\"_wpcf7_container_post\" value=\"0\" \/><input type=\"hidden\" name=\"_wpcf7_posted_data_hash\" value=\"\" \/>\n<\/fieldset>\n<style>\n:root{--cf-primary:#0099ff;--cf-primary-dark:#007acc}\n.cf7-inline{max-width:900px;margin:0 auto;font-family:Inter,system-ui,-apple-system,\"Segoe UI\",Roboto,Arial;color:#0b1220}\n.cf7-inline .row{display:flex;gap:12px;flex-wrap:wrap;margin-bottom:12px}\n.cf7-inline .col-1{flex:1 1 100%}\n.cf7-inline .col-2{flex:1 1 48%}\n.cf7-inline .col-3{flex:1 1 30%}\n.cf7-inline label{display:block;font-weight:600;font-size:.88rem;margin-bottom:6px}\n.cf7-inline .cf-section-title{font-size:1.02rem;font-weight:700;margin:8px 0 6px;color:#071026}\n.cf7-inline input[type=\"text\"],\n.cf7-inline input[type=\"email\"],\n.cf7-inline input[type=\"tel\"],\n.cf7-inline input[type=\"date\"],\n.cf7-inline select,\n.cf7-inline textarea{\n width:100%;padding:.9rem 1rem;border-radius:10px;border:1px solid rgba(11,18,32,0.08);\n background:#fff;box-shadow:0 6px 18px rgba(16,24,40,0.03);font-size:1rem;box-sizing:border-box;\n transition:box-shadow .15s ease,transform .06s; color:#071026;\n}\n.cf7-inline select option[value=\"\"] { color:#6b7280; } \/* Platzhalter optisch schw\u00e4cher *\/\n.cf7-inline textarea{min-height:140px;resize:vertical}\n.cf7-inline input:focus,.cf7-inline select:focus,.cf7-inline textarea:focus{\n outline:none;border-color:var(--cf-primary);box-shadow:0 10px 30px rgba(0,153,255,0.08);transform:translateY(-1px);\n}\n.cf7-inline .hint{font-size:.85rem;color:#475569;margin-top:6px}\n.cf7-inline .submit-wrap{text-align:right;margin-top:6px}\n.cf7-inline .cf-submit{\n padding:.82rem 1.2rem;border:0;border-radius:12px;font-weight:700;cursor:pointer;\n background: linear-gradient(90deg,var(--cf-primary-dark), var(--cf-primary));\n color:#fff;box-shadow:0 10px 30px rgba(0,153,255,0.12);\n}\n.cf7-inline .cf-submit:hover{transform:translateY(-3px);box-shadow:0 16px 40px rgba(0,153,255,0.12)}\n\/* Fehler \/ Erfolg (CF7-Klassen) *\/\n.cf7-inline .wpcf7-not-valid{border-color:#ef4444 !important}\n.wpcf7-mail-sent-ok{background:linear-gradient(90deg,#ecfccb,#bbf7d0);padding:.6rem;border-radius:8px;margin-bottom:10px;color:#065f46}\n.wpcf7-validation-errors{background:linear-gradient(90deg,#fff1f2,#fee2e2);padding:.6rem;border-radius:8px;margin-bottom:10px;color:#9f1239}\n\/* Acceptance styling (klein) *\/\n.cf-accept-row { margin-top: 10px; margin-bottom: 12px; }\n.wpcf7-form .cf-accept-row .wpcf7-acceptance { display:flex; align-items:center; gap:10px; font-size:0.95rem; color:#0b1220; }\n.wpcf7-form .cf-accept-row .wpcf7-acceptance input[type=\"checkbox\"]{ width:18px; height:18px; margin:0; accent-color: var(--cf-primary, #0099ff); border-radius:4px; border:1px solid rgba(11,18,32,0.12); box-shadow:none; }\n\/* Responsive *\/\n@media (max-width:820px){ .cf7-inline .col-2,.cf7-inline .col-3{flex:1 1 100%} .cf7-inline .submit-wrap{text-align:center} }\n<\/style>\n<div class=\"cf7-inline\">\n\t<div class=\"row\">\n\t\t<div class=\"col-1\">\n\t\t\t<p><label>Freiwilligendienst<br \/>\n<span class=\"wpcf7-form-control-wrap\" data-name=\"art\"><select class=\"wpcf7-form-control wpcf7-select wpcf7-validates-as-required cf-select\" id=\"select-art\" aria-required=\"true\" aria-invalid=\"false\" name=\"art\"><option value=\"Bitte w\u00e4hlen...\">Bitte w\u00e4hlen...<\/option><option value=\"weltw\u00e4rts\">weltw\u00e4rts<\/option><option value=\"Volunteers Voice\">Volunteers Voice<\/option><\/select><\/span><br \/>\n<\/label>\n\t\t\t<\/p>\n\t\t<\/div>\n\t<\/div>\n\n <!-- Name (ganze Zeile) -->\n\t<div class=\"row\">\n\t\t<div class=\"col-1\">\n\t\t\t<p><label>Dein Name<br \/>\n<span class=\"wpcf7-form-control-wrap\" data-name=\"your-name\"><input size=\"40\" maxlength=\"400\" class=\"wpcf7-form-control wpcf7-text wpcf7-validates-as-required cf-input\" id=\"your-name\" autocomplete=\"name\" aria-required=\"true\" aria-invalid=\"false\" placeholder=\"Max Mustermann\" value=\"\" type=\"text\" name=\"your-name\" \/><\/span><br \/>\n<\/label>\n\t\t\t<\/p>\n\t\t<\/div>\n\t<\/div>\n\n <!-- E-Mail + Telefon nebeneinander -->\n\t<div class=\"row\">\n\t\t<div class=\"col-2\">\n\t\t\t<p><label>Deine E-Mail-Adresse<br \/>\n<span class=\"wpcf7-form-control-wrap\" data-name=\"your-email\"><input size=\"40\" maxlength=\"400\" class=\"wpcf7-form-control wpcf7-email wpcf7-validates-as-required wpcf7-text wpcf7-validates-as-email cf-input\" id=\"your-email\" autocomplete=\"email\" aria-required=\"true\" aria-invalid=\"false\" placeholder=\"name@beispiel.de\" value=\"\" type=\"email\" name=\"your-email\" \/><\/span><br \/>\n<\/label>\n\t\t\t<\/p>\n\t\t<\/div>\n\t\t<div class=\"col-2\">\n\t\t\t<p><label>Deine Telefonnummer<br \/>\n<span class=\"wpcf7-form-control-wrap\" data-name=\"telefon\"><input size=\"40\" maxlength=\"400\" class=\"wpcf7-form-control wpcf7-tel wpcf7-validates-as-required wpcf7-text wpcf7-validates-as-tel cf-input\" id=\"telefon\" aria-required=\"true\" aria-invalid=\"false\" placeholder=\"+49 171 1234567\" value=\"\" type=\"tel\" name=\"telefon\" \/><\/span><br \/>\n<\/label>\n\t\t\t<\/p>\n\t\t<\/div>\n\t<\/div>\n\t<div class=\"row\">\n\t\t<div class=\"col-1\">\n\t\t\t<p><label>Geburtsdatum<br \/>\n<span class=\"wpcf7-form-control-wrap\" data-name=\"geburtsdatum\"><input class=\"wpcf7-form-control wpcf7-date wpcf7-validates-as-required wpcf7-validates-as-date cf-input\" id=\"geburtsdatum\" max=\"2026-04-27\" aria-required=\"true\" aria-invalid=\"false\" value=\"\" type=\"date\" name=\"geburtsdatum\" \/><\/span><br \/>\n<\/label>\n\t\t\t<\/p>\n\t\t<\/div>\n\t<\/div>\n\n <!-- Stra\u00dfe + Nr. in EINEM Feld -->\n\t<div class=\"row\">\n\t\t<div class=\"col-1\">\n\t\t\t<p><label>Stra\u00dfe &amp; Hausnr.<br \/>\n<span class=\"wpcf7-form-control-wrap\" data-name=\"street_housenr\"><input size=\"40\" maxlength=\"400\" class=\"wpcf7-form-control wpcf7-text wpcf7-validates-as-required cf-input\" id=\"street_housenr\" aria-required=\"true\" aria-invalid=\"false\" placeholder=\"Musterstra\u00dfe 12a\" value=\"\" type=\"text\" name=\"street_housenr\" \/><\/span><br \/>\n<\/label>\n\t\t\t<\/p>\n\t\t<\/div>\n\t<\/div>\n\n <!-- Wohnort + PLZ -->\n\t<div class=\"row\">\n\t\t<div class=\"col-2\">\n\t\t\t<p><label>Wohnort<br \/>\n<span class=\"wpcf7-form-control-wrap\" data-name=\"city\"><input size=\"30\" maxlength=\"400\" class=\"wpcf7-form-control wpcf7-text wpcf7-validates-as-required cf-input\" id=\"city\" aria-required=\"true\" aria-invalid=\"false\" placeholder=\"Musterstadt\" value=\"\" type=\"text\" name=\"city\" \/><\/span><br \/>\n<\/label>\n\t\t\t<\/p>\n\t\t<\/div>\n\t\t<div class=\"col-2\">\n\t\t\t<p><label>PLZ<br \/>\n<span class=\"wpcf7-form-control-wrap\" data-name=\"ZIP\"><input size=\"20\" maxlength=\"400\" class=\"wpcf7-form-control wpcf7-text wpcf7-validates-as-required cf-input\" id=\"zip\" aria-required=\"true\" aria-invalid=\"false\" placeholder=\"12345\" value=\"\" type=\"text\" name=\"ZIP\" \/><\/span><br \/>\n<\/label>\n\t\t\t<\/p>\n\t\t<\/div>\n\t<\/div>\n\n <!-- Reise-Infos (Platzhalter-Optionen, keine Vorauswahl) -->\n\t<div class=\"row\">\n\t\t<div class=\"col-3\">\n\t\t\t<p><label>Reisebeginn (weltw\u00e4rts:August)<br \/>\n<span class=\"wpcf7-form-control-wrap\" data-name=\"month\"><select class=\"wpcf7-form-control wpcf7-select wpcf7-validates-as-required cf-select\" id=\"select-month\" aria-required=\"true\" aria-invalid=\"false\" name=\"month\"><option value=\"Bitte w\u00e4hlen...\">Bitte w\u00e4hlen...<\/option><option value=\"Januar\">Januar<\/option><option value=\"Februar\">Februar<\/option><option value=\"M\u00e4rz\">M\u00e4rz<\/option><option value=\"April\">April<\/option><option value=\"Mai\">Mai<\/option><option value=\"Juni\">Juni<\/option><option value=\"Juli\">Juli<\/option><option value=\"August\">August<\/option><option value=\"September\">September<\/option><option value=\"Oktober\">Oktober<\/option><option value=\"November\">November<\/option><option value=\"Dezember\">Dezember<\/option><\/select><\/span><br \/>\n<\/label>\n\t\t\t<\/p>\n\t\t<\/div>\n\t\t<div class=\"col-3\">\n\t\t\t<p><label>Jahr<br \/>\n<span class=\"wpcf7-form-control-wrap\" data-name=\"Jahr\"><select class=\"wpcf7-form-control wpcf7-select wpcf7-validates-as-required cf-select\" id=\"select-year\" aria-required=\"true\" aria-invalid=\"false\" name=\"Jahr\"><option value=\"Bitte w\u00e4hlen...\">Bitte w\u00e4hlen...<\/option><option value=\"2025\">2025<\/option><option value=\"2026\">2026<\/option><\/select><\/span><br \/>\n<\/label>\n\t\t\t<\/p>\n\t\t<\/div>\n\t\t<div class=\"col-3\">\n\t\t\t<p><label>Reisedauer (weltw\u00e4rts:12)<br \/>\n<span class=\"wpcf7-form-control-wrap\" data-name=\"duration\"><select class=\"wpcf7-form-control wpcf7-select wpcf7-validates-as-required cf-select\" id=\"select-duration\" aria-required=\"true\" aria-invalid=\"false\" name=\"duration\"><option value=\"Bitte w\u00e4hlen...\">Bitte w\u00e4hlen...<\/option><option value=\"1\">1<\/option><option value=\"2\">2<\/option><option value=\"3\">3<\/option><option value=\"4-6\">4-6<\/option><option value=\"6-9\">6-9<\/option><option value=\"9-12\">9-12<\/option><option value=\"12\">12<\/option><\/select><\/span><br \/>\n<\/label>\n\t\t\t<\/p>\n\t\t<\/div>\n\t<\/div>\n\n <!-- Einschr\u00e4nkungen -->\n\t<div class=\"row\">\n\t\t<div class=\"col-1\">\n\t\t\t<p><label>Einschr\u00e4nkungen?<br \/>\n<span class=\"wpcf7-form-control-wrap\" data-name=\"limitations\"><textarea cols=\"40\" rows=\"10\" maxlength=\"2000\" class=\"wpcf7-form-control wpcf7-textarea cf-textarea\" id=\"limitations\" aria-invalid=\"false\" placeholder=\"z.B. gesundheitliche Einschr\u00e4nkungen\" name=\"limitations\"><\/textarea><\/span><br \/>\n<\/label>\n\t\t\t<\/p>\n\t\t<\/div>\n\t<\/div>\n\n <!-- Motivation -->\n\t<div class=\"row\">\n\t\t<div class=\"col-1\">\n\t\t\t<p><label>Deine Motivation<br \/>\n<span class=\"wpcf7-form-control-wrap\" data-name=\"motivations\"><textarea cols=\"40\" rows=\"10\" maxlength=\"2000\" class=\"wpcf7-form-control wpcf7-textarea wpcf7-validates-as-required cf-textarea\" id=\"motivations\" aria-required=\"true\" aria-invalid=\"false\" placeholder=\"Warum m\u00f6chtest du teilnehmen?\" name=\"motivations\"><\/textarea><\/span><br \/>\n<\/label>\n\t\t\t<\/p>\n\t\t<\/div>\n\t<\/div>\n\n <!-- Weitere Informationen (neues Feld) -->\n\t<div class=\"row\">\n\t\t<div class=\"col-1\">\n\t\t\t<p><label>Weitere Informationen<br \/>\n<span class=\"wpcf7-form-control-wrap\" data-name=\"more_info\"><textarea cols=\"40\" rows=\"10\" maxlength=\"2000\" class=\"wpcf7-form-control wpcf7-textarea cf-textarea\" id=\"more_info\" aria-invalid=\"false\" placeholder=\"Zus\u00e4tzliche Angaben, W\u00fcnsche oder Hinweise (optional)\" name=\"more_info\"><\/textarea><\/span><br \/>\n<\/label>\n\t\t\t<\/p>\n\t\t<\/div>\n\t<\/div>\n\n <!-- Acceptance (Pflichtfeld) -->\n\t<div class=\"row cf-accept-row\">\n\t\t<div class=\"col-1\">\n\t\t\t<p><span class=\"wpcf7-form-control-wrap\" data-name=\"accept-this-1\"><span class=\"wpcf7-form-control wpcf7-acceptance\"><span class=\"wpcf7-list-item\"><label><input type=\"checkbox\" name=\"accept-this-1\" value=\"1\" class=\"cf-accept\" id=\"accept-this-1\" aria-invalid=\"false\" \/><span class=\"wpcf7-list-item-label\">Ich best\u00e4tige die Richtigkeit meiner Angaben.<\/span><\/label><\/span><\/span><\/span>\n\t\t\t<\/p>\n\t\t<\/div>\n\t<\/div>\n\t<p><div id=\"cf7sr-69ef755a8adcf\" class=\"cf7sr-g-turnstile\" data-redirect=\"\" data-theme=\"light\" data-language=\"en-GB\" data-size=\"normal\" \n    data-sitekey=\"0x4AAAAAAAznLEsu-RcWJd8s\"><\/div><span class=\"wpcf7-form-control-wrap cf7sr-turnstile\" data-name=\"cf7sr-turnstile\"><input type=\"hidden\" name=\"cf7sr-turnstile\" value=\"\" class=\"wpcf7-form-control\"><\/span>\n\t<\/p>\n\t<p class=\"submit-wrap\"><br \/>\n<input class=\"wpcf7-form-control wpcf7-submit has-spinner cf-submit\" type=\"submit\" value=\"Nachricht senden\" \/>\n\t<\/p>\n<\/div><div class=\"wpcf7-response-output\" aria-hidden=\"true\"><\/div>\n<\/form>\n<\/div>\n<\/div>\n<\/div>\n<\/div>\n<\/div>\n\n\n\n<p><\/p>\n","protected":false},"excerpt":{"rendered":"<p>Bewerbungsformular Du m\u00f6chtest unsere Kids im Hope Home besuchen und als Freiwillige\/r vor Ort Hoffnung geben? Dann f\u00fclle die folgenden Felder bitte vollst\u00e4ndig aus und teile uns unter dem Punkt \u201eDeine Motivation\u201c kurz und knapp mit f\u00fcr welches Projekt Du Dich aus welchen Gr\u00fcnden bewerben m\u00f6chtest. Wir melden uns dann umgehend bei Dir zur\u00fcck. Asante [&hellip;]<\/p>\n","protected":false},"author":2,"featured_media":0,"parent":0,"menu_order":0,"comment_status":"closed","ping_status":"closed","template":"page-no-title","meta":{"pgc_sgb_lightbox_settings":"","footnotes":""},"class_list":["post-263","page","type-page","status-publish","hentry"],"_links":{"self":[{"href":"https:\/\/childrens-hope-home.org\/en\/wp-json\/wp\/v2\/pages\/263","targetHints":{"allow":["GET"]}}],"collection":[{"href":"https:\/\/childrens-hope-home.org\/en\/wp-json\/wp\/v2\/pages"}],"about":[{"href":"https:\/\/childrens-hope-home.org\/en\/wp-json\/wp\/v2\/types\/page"}],"author":[{"embeddable":true,"href":"https:\/\/childrens-hope-home.org\/en\/wp-json\/wp\/v2\/users\/2"}],"replies":[{"embeddable":true,"href":"https:\/\/childrens-hope-home.org\/en\/wp-json\/wp\/v2\/comments?post=263"}],"version-history":[{"count":15,"href":"https:\/\/childrens-hope-home.org\/en\/wp-json\/wp\/v2\/pages\/263\/revisions"}],"predecessor-version":[{"id":1214,"href":"https:\/\/childrens-hope-home.org\/en\/wp-json\/wp\/v2\/pages\/263\/revisions\/1214"}],"wp:attachment":[{"href":"https:\/\/childrens-hope-home.org\/en\/wp-json\/wp\/v2\/media?parent=263"}],"curies":[{"name":"wp","href":"https:\/\/api.w.org\/{rel}","templated":true}]}}