{"id":40,"date":"2024-08-21T13:29:19","date_gmt":"2024-08-21T11:29:19","guid":{"rendered":"http:\/\/localhost:8080\/?page_id=40"},"modified":"2024-10-06T22:36:49","modified_gmt":"2024-10-06T20:36:49","slug":"was-wir-tun","status":"publish","type":"page","link":"https:\/\/childrens-hope-home.org\/en\/was-wir-tun\/","title":{"rendered":"What we do"},"content":{"rendered":"<div style=\"height:9px\" aria-hidden=\"true\" class=\"wp-block-spacer\"><\/div>\n\n\n\n<h2 class=\"wp-block-heading has-body-font-family has-x-large-font-size\">What we do<\/h2>\n\n\n\n<div style=\"height:9px\" aria-hidden=\"true\" class=\"wp-block-spacer\"><\/div>\n\n\n\n<div class=\"wp-block-group has-global-padding is-layout-constrained wp-block-group-is-layout-constrained\">\n<div class=\"wp-block-columns alignwide is-layout-flex wp-container-core-columns-is-layout-6735c572 wp-block-columns-is-layout-flex\" style=\"margin-bottom:0;padding-top:0;padding-right:0;padding-bottom:0;padding-left:0\">\n<div class=\"wp-block-column has-text-color has-background has-link-color wp-elements-e380d17b392c111a98529d9d5f2fc7b6 is-layout-flow wp-block-column-is-layout-flow\" style=\"color:#000000;background-color:#deddcc;padding-top:2em;padding-right:2em;padding-bottom:2em;padding-left:2em\">\n<figure class=\"wp-block-image aligncenter size-large is-resized has-custom-border\"><img loading=\"lazy\" decoding=\"async\" width=\"1024\" height=\"575\" src=\"https:\/\/chh.leftbit.org\/wp-content\/uploads\/2024\/09\/IMG_1669k-1024x575.jpg\" alt=\"\" class=\"wp-image-369\" style=\"border-radius:10px;aspect-ratio:1;object-fit:cover;width:150px\" srcset=\"https:\/\/childrens-hope-home.org\/wp-content\/uploads\/2024\/09\/IMG_1669k-1024x575.jpg 1024w, https:\/\/childrens-hope-home.org\/wp-content\/uploads\/2024\/09\/IMG_1669k-300x169.jpg 300w, https:\/\/childrens-hope-home.org\/wp-content\/uploads\/2024\/09\/IMG_1669k-768x432.jpg 768w, https:\/\/childrens-hope-home.org\/wp-content\/uploads\/2024\/09\/IMG_1669k-1536x863.jpg 1536w, https:\/\/childrens-hope-home.org\/wp-content\/uploads\/2024\/09\/IMG_1669k-2048x1151.jpg 2048w\" sizes=\"auto, (max-width: 1024px) 100vw, 1024px\" \/><\/figure>\n\n\n\n<hr class=\"wp-block-separator has-text-color has-css-opacity has-background is-style-wide\" style=\"background-color:#000000;color:#000000\"\/>\n\n\n\n<div class=\"wp-block-buttons alignfull is-horizontal is-content-justification-center is-layout-flex wp-container-core-buttons-is-layout-03627597 wp-block-buttons-is-layout-flex\">\n<div class=\"wp-block-button has-custom-width wp-block-button__width-100 is-style-fill\"><a class=\"wp-block-button__link has-white-color has-text-color has-background no-border-radius wp-element-button\" href=\"#Gathiga\" style=\"background-color:#000000\">Children&#8217;s Hope Home<\/a><\/div>\n<\/div>\n<\/div>\n\n\n\n<div class=\"wp-block-column has-text-color has-background has-link-color wp-elements-097f403e932af26658d02234d8bb7b2c is-layout-flow wp-block-column-is-layout-flow\" style=\"color:#000000;background-color:#deddcc;padding-top:2em;padding-right:2em;padding-bottom:2em;padding-left:2em\">\n<figure class=\"wp-block-image aligncenter size-large is-resized has-custom-border\"><img loading=\"lazy\" decoding=\"async\" width=\"898\" height=\"899\" src=\"https:\/\/chh.leftbit.org\/wp-content\/uploads\/2024\/09\/2-edited.jpg\" alt=\"\" class=\"wp-image-371\" style=\"border-radius:10px;aspect-ratio:1;object-fit:cover;width:150px\" srcset=\"https:\/\/childrens-hope-home.org\/wp-content\/uploads\/2024\/09\/2-edited.jpg 898w, https:\/\/childrens-hope-home.org\/wp-content\/uploads\/2024\/09\/2-edited-300x300.jpg 300w, https:\/\/childrens-hope-home.org\/wp-content\/uploads\/2024\/09\/2-edited-150x150.jpg 150w, https:\/\/childrens-hope-home.org\/wp-content\/uploads\/2024\/09\/2-edited-768x769.jpg 768w\" sizes=\"auto, (max-width: 898px) 100vw, 898px\" \/><\/figure>\n\n\n\n<hr class=\"wp-block-separator has-css-opacity is-style-wide\"\/>\n\n\n\n<div class=\"wp-block-buttons alignfull is-horizontal is-content-justification-center is-layout-flex wp-container-core-buttons-is-layout-03627597 wp-block-buttons-is-layout-flex\">\n<div class=\"wp-block-button has-custom-width wp-block-button__width-100 is-style-fill\"><a class=\"wp-block-button__link has-white-color has-text-color has-background no-border-radius wp-element-button\" href=\"#Gilgil\" style=\"background-color:#000000\">Key&#8217;s Academy<\/a><\/div>\n<\/div>\n<\/div>\n\n\n\n<div class=\"wp-block-column has-text-color has-background has-link-color wp-elements-7e76b61b7419d6554065eb5acc260d88 is-layout-flow wp-block-column-is-layout-flow\" style=\"color:#000000;background-color:#deddcc;padding-top:2em;padding-right:2em;padding-bottom:2em;padding-left:2em\">\n<figure class=\"wp-block-image aligncenter size-large is-resized has-custom-border\"><img loading=\"lazy\" decoding=\"async\" width=\"1024\" height=\"683\" src=\"https:\/\/chh.leftbit.org\/wp-content\/uploads\/2024\/09\/Snapshot_654k-1024x683.jpg\" alt=\"\" class=\"wp-image-372\" style=\"border-radius:10px;aspect-ratio:1;object-fit:cover;width:150px\" srcset=\"https:\/\/childrens-hope-home.org\/wp-content\/uploads\/2024\/09\/Snapshot_654k-1024x683.jpg 1024w, https:\/\/childrens-hope-home.org\/wp-content\/uploads\/2024\/09\/Snapshot_654k-300x200.jpg 300w, https:\/\/childrens-hope-home.org\/wp-content\/uploads\/2024\/09\/Snapshot_654k-768x512.jpg 768w, https:\/\/childrens-hope-home.org\/wp-content\/uploads\/2024\/09\/Snapshot_654k-1536x1024.jpg 1536w, https:\/\/childrens-hope-home.org\/wp-content\/uploads\/2024\/09\/Snapshot_654k-2048x1365.jpg 2048w\" sizes=\"auto, (max-width: 1024px) 100vw, 1024px\" \/><\/figure>\n\n\n\n<hr class=\"wp-block-separator has-css-opacity is-style-wide\"\/>\n\n\n\n<div class=\"wp-block-buttons alignfull is-horizontal is-content-justification-center is-layout-flex wp-container-core-buttons-is-layout-03627597 wp-block-buttons-is-layout-flex\">\n<div class=\"wp-block-button has-custom-width wp-block-button__width-100\"><a class=\"wp-block-button__link has-white-color has-text-color has-background no-border-radius wp-element-button\" href=\"#Street-Feeding\" style=\"background-color:#000000\">Street Feeding<\/a><\/div>\n<\/div>\n<\/div>\n<\/div>\n<\/div>\n\n\n\n<hr class=\"wp-block-separator has-alpha-channel-opacity is-style-wide\" style=\"margin-top:var(--wp--preset--spacing--30);margin-bottom:var(--wp--preset--spacing--30)\"\/>\n\n\n\n<div class=\"wp-block-group alignwide has-global-padding is-layout-constrained wp-block-group-is-layout-constrained\">\n<h2 class=\"wp-block-heading scroll-mt has-body-font-family has-large-font-size\" id=\"Gathiga\">Gathiga Children&#8217;s Hope Home<\/h2>\n\n\n\n<div style=\"height:10px\" aria-hidden=\"true\" class=\"wp-block-spacer\"><\/div>\n\n\n\n<figure class=\"wp-block-image aligncenter size-large is-resized has-custom-border\"><img loading=\"lazy\" decoding=\"async\" width=\"1024\" height=\"451\" src=\"https:\/\/chh.leftbit.org\/wp-content\/uploads\/2024\/08\/FULLk-1-1024x451.jpg\" alt=\"\" class=\"wp-image-122\" style=\"border-radius:10px;width:650px\" srcset=\"https:\/\/childrens-hope-home.org\/wp-content\/uploads\/2024\/08\/FULLk-1-1024x451.jpg 1024w, https:\/\/childrens-hope-home.org\/wp-content\/uploads\/2024\/08\/FULLk-1-300x132.jpg 300w, https:\/\/childrens-hope-home.org\/wp-content\/uploads\/2024\/08\/FULLk-1-768x338.jpg 768w, https:\/\/childrens-hope-home.org\/wp-content\/uploads\/2024\/08\/FULLk-1-1536x677.jpg 1536w, https:\/\/childrens-hope-home.org\/wp-content\/uploads\/2024\/08\/FULLk-1-2048x902.jpg 2048w\" sizes=\"auto, (max-width: 1024px) 100vw, 1024px\" \/><\/figure>\n\n\n\n<p class=\"has-body-font-family\">The home in Gathiga was founded in 1996 and is located in Gathiga, about 15 kilometres north of Nairobi. Many children come from the streets of Nairobi, are orphans or come from difficult backgrounds. The street children in particular are first rehabilitated and then sent to school. They also receive safe accommodation, schooling, regular meals and medical care at the home.<\/p>\n\n\n\n<p style=\"margin-top:0;margin-bottom:0;padding-top:var(--wp--preset--spacing--10);padding-bottom:var(--wp--preset--spacing--10)\">Due to the relatively high school costs, not all children always attend school, which in Kenya is divided into pre-school, primary and secondary school depending on age. Almost all children want to study after school and are incredibly committed and willing to learn. In Kenya, it is compulsory to wear a uniform to school, which has to be paid for in addition to school fees and learning materials.<\/p>\n<\/div>\n\n\n\n<div style=\"height:30px\" aria-hidden=\"true\" class=\"wp-block-spacer\"><\/div>\n\n\n\n<div class=\"wp-block-group alignfull has-background has-global-padding is-layout-constrained wp-block-group-is-layout-constrained\" style=\"background-color:#b5bdbc61\">\n<div style=\"height:30px\" aria-hidden=\"true\" class=\"wp-block-spacer\"><\/div>\n\n\n\n<h2 class=\"wp-block-heading scroll-mt has-large-font-size\" id=\"Gilgil\">Key&#8217;s Academy<\/h2>\n\n\n\n<div style=\"height:10px\" aria-hidden=\"true\" class=\"wp-block-spacer\"><\/div>\n\n\n\n<figure class=\"wp-block-image aligncenter size-large is-resized has-custom-border\"><img loading=\"lazy\" decoding=\"async\" width=\"1024\" height=\"555\" src=\"https:\/\/chh.leftbit.org\/wp-content\/uploads\/2024\/09\/IMG_4896k-1024x555.jpg\" alt=\"\" class=\"wp-image-353\" style=\"border-radius:10px;width:650px\" srcset=\"https:\/\/childrens-hope-home.org\/wp-content\/uploads\/2024\/09\/IMG_4896k-1024x555.jpg 1024w, https:\/\/childrens-hope-home.org\/wp-content\/uploads\/2024\/09\/IMG_4896k-300x163.jpg 300w, https:\/\/childrens-hope-home.org\/wp-content\/uploads\/2024\/09\/IMG_4896k-768x416.jpg 768w, https:\/\/childrens-hope-home.org\/wp-content\/uploads\/2024\/09\/IMG_4896k-1536x832.jpg 1536w, https:\/\/childrens-hope-home.org\/wp-content\/uploads\/2024\/09\/IMG_4896k.jpg 1600w\" sizes=\"auto, (max-width: 1024px) 100vw, 1024px\" \/><\/figure>\n\n\n\n<div style=\"height:31px\" aria-hidden=\"true\" class=\"wp-block-spacer\"><\/div>\n\n\n\n<p>The project was opened in Gilgil in August 2017. Due to some difficulties with the land, the project had to move in 2021 and is currently being rebuilt on a new site. It is located in Langalanga, Gilgil, about 130km from Nairobi. Around 40 schoolchildren are currently provided with lunch here every day. Many poorer families cannot afford to send their children to school with lunch. This means that the children study from 07:00 in the morning until 16:00\/17:00 in the afternoon without food. After consultation with the local teachers, these children now receive lunch from us every school day.<\/p>\n\n\n\n<p>A polytechnic (school for further technical training) is also being built here, which will offer local young people and young people from the street with difficult access to the labour market training opportunities in locally needed fields of work. The idea for the school arose from a discussion within a local church group about how to meet local needs. Lucy is a member of this church group. The project has therefore received a lot of support from the residents of the immediate neighbourhood, including local dignitaries who occasionally pay a visit. Gilgil is a divided urban society. On the one hand, there is one of the country's most expensive public schools directly connected to a self-contained settlement inhabited mainly by British people. On the other hand, Langa Langa is a neighbourhood inhabited exclusively by Kenyans whose income situation is not always rosy due to a lack of employment opportunities. The project is located in this settlement and is primarily intended to offer new opportunities to the next generation.<\/p>\n\n\n\n<div style=\"height:30px\" aria-hidden=\"true\" class=\"wp-block-spacer\"><\/div>\n<\/div>\n\n\n\n<div style=\"height:30px\" aria-hidden=\"true\" class=\"wp-block-spacer\"><\/div>\n\n\n\n<div class=\"wp-block-group has-global-padding is-layout-constrained wp-container-core-group-is-layout-8066bf49 wp-block-group-is-layout-constrained\" style=\"margin-top:0;margin-bottom:0;padding-top:var(--wp--preset--spacing--30);padding-right:0;padding-bottom:var(--wp--preset--spacing--30);padding-left:0\">\n<h2 class=\"wp-block-heading scroll-mt has-body-font-family has-large-font-size\" id=\"Street-Feeding\" style=\"line-height:2\">Street Feeding<\/h2>\n\n\n\n<div style=\"height:10px\" aria-hidden=\"true\" class=\"wp-block-spacer\"><\/div>\n\n\n\n<figure class=\"wp-block-image aligncenter size-large is-resized has-custom-border\"><img loading=\"lazy\" decoding=\"async\" width=\"1024\" height=\"451\" src=\"https:\/\/chh.leftbit.org\/wp-content\/uploads\/2024\/09\/IMG_1403kk-1024x451.jpg\" alt=\"\" class=\"wp-image-361\" style=\"border-radius:10px;width:650px\" srcset=\"https:\/\/childrens-hope-home.org\/wp-content\/uploads\/2024\/09\/IMG_1403kk-1024x451.jpg 1024w, https:\/\/childrens-hope-home.org\/wp-content\/uploads\/2024\/09\/IMG_1403kk-300x132.jpg 300w, https:\/\/childrens-hope-home.org\/wp-content\/uploads\/2024\/09\/IMG_1403kk-768x338.jpg 768w, https:\/\/childrens-hope-home.org\/wp-content\/uploads\/2024\/09\/IMG_1403kk-1536x676.jpg 1536w, https:\/\/childrens-hope-home.org\/wp-content\/uploads\/2024\/09\/IMG_1403kk-2048x902.jpg 2048w\" sizes=\"auto, (max-width: 1024px) 100vw, 1024px\" \/><\/figure>\n\n\n\n<div style=\"height:31px\" aria-hidden=\"true\" class=\"wp-block-spacer\"><\/div>\n\n\n\n<p class=\"has-body-font-family\">The home in Gathiga grew out of the Street Feeding programme. We regularly visit people on the street and bring them tea and bread for breakfast. Through these interactions, the young people come to trust us and make contact with us in order to improve their living situation. Depending on the situation, we take the children or young people into our home in Gathiga or look for other solutions for them. <\/p>\n\n\n\n<p>Would you like to sponsor a street feeding? Then get in touch with us!<\/p>\n<\/div>\n\n\n\n<p><\/p>","protected":false},"excerpt":{"rendered":"<p>Was wir tun Gathiga Children&#8217;s Hope Home Das Heim in Gathiga wurde im Jahr 1996 gegr\u00fcndet und liegt in Gathiga, etwa 15km n\u00f6rdlich von Nairobi. Viele Kinder kommen von den Stra\u00dfen Nairobis, sind Waisen oder kommen aus schwierigen Verh\u00e4ltnissen. Vorallem die Stra\u00dfenkinder werden zuerst rehabilitiert und dann in die Schule gebracht. Au\u00dferdem erhalten sie im [&hellip;]<\/p>\n","protected":false},"author":1,"featured_media":0,"parent":0,"menu_order":0,"comment_status":"closed","ping_status":"closed","template":"page-no-title","meta":{"pgc_sgb_lightbox_settings":"","footnotes":""},"class_list":["post-40","page","type-page","status-publish","hentry"],"_links":{"self":[{"href":"https:\/\/childrens-hope-home.org\/en\/wp-json\/wp\/v2\/pages\/40","targetHints":{"allow":["GET"]}}],"collection":[{"href":"https:\/\/childrens-hope-home.org\/en\/wp-json\/wp\/v2\/pages"}],"about":[{"href":"https:\/\/childrens-hope-home.org\/en\/wp-json\/wp\/v2\/types\/page"}],"author":[{"embeddable":true,"href":"https:\/\/childrens-hope-home.org\/en\/wp-json\/wp\/v2\/users\/1"}],"replies":[{"embeddable":true,"href":"https:\/\/childrens-hope-home.org\/en\/wp-json\/wp\/v2\/comments?post=40"}],"version-history":[{"count":93,"href":"https:\/\/childrens-hope-home.org\/en\/wp-json\/wp\/v2\/pages\/40\/revisions"}],"predecessor-version":[{"id":1195,"href":"https:\/\/childrens-hope-home.org\/en\/wp-json\/wp\/v2\/pages\/40\/revisions\/1195"}],"wp:attachment":[{"href":"https:\/\/childrens-hope-home.org\/en\/wp-json\/wp\/v2\/media?parent=40"}],"curies":[{"name":"wp","href":"https:\/\/api.w.org\/{rel}","templated":true}]}}